{"id":16,"date":"2017-05-19T08:15:20","date_gmt":"2017-05-19T08:15:20","guid":{"rendered":"http:\/\/schaden-regeln.de\/?page_id=16"},"modified":"2024-09-02T07:39:47","modified_gmt":"2024-09-02T07:39:47","slug":"impressum","status":"publish","type":"page","link":"https:\/\/www.schaden-regeln.de\/?page_id=16","title":{"rendered":"Impressum"},"content":{"rendered":"<h3><strong>Impressum<\/strong><\/h3>\n<p>Verantwortlich f\u00fcr den Inhalt der Internetseite:<\/p>\n<p>(Pflichtangaben nach \u00a7 5 TMG und nach \u00a7 10 MDStV)<\/p>\n<p>Rechtsanwalt Torsten Senn<br \/>\nNeckarstr. 86<br \/>\n70190 Stuttgart<\/p>\n<p>Telefon: + 49 (0) 162 \/ 7210928<br \/>\nTelefax: + 49 (0) 711 \/ 95338861<\/p>\n<p>E-mail: mail@rechtsanwalt-senn.de<\/p>\n<p>Die zust\u00e4ndige Aufsichtsbeh\u00f6rde ist die Rechtsanwaltskammer Stuttgart, K\u00f6nigstr.\u00a014, 70173 Stuttgart.<\/p>\n<p>Umsatzsteuer-Identifikationsnummer gem\u00e4\u00df \u00a7 27 a Umsatzsteuergesetz:\u00a0 DE 256406121<\/p>\n<p>Herr Rechtsanwalt Senn wurde durch die Rechtsanwaltskammer Stuttgart zur Rechtsanwaltschaft zugelassen und hat damit die Berechtigung erworben, die Berufsbezeichnung \u201eRechtsanwalt\u201c zu f\u00fchren. Zudem wurde der Rechtsanwalt beim Amtsgericht Stuttgart und dem Landgericht Stuttgart zugelassen. Er unterliegt u.a. folgenden berufsrechtlichen Regelungen:<\/p>\n<p>\u2013 Bundesrechtsanwaltsordnung (BRAO)<br \/>\n\u2013 Berufsordnung f\u00fcr Rechtsanw\u00e4lte (BORA)<br \/>\n\u2013 Fachanwaltsordnung (FAO)<br \/>\n\u2013 Rechtsanwaltsverg\u00fctungsgesetz (RVG)<br \/>\n\u2013 Berufsst\u00e4ndische Verhaltensrichtlinien der Europ\u00e4ischen Gemeinschaft (CCBE)<\/p>\n<p>Auf der Internetseite der Bundesrechtsanwaltskammer (<a href=\"http:\/\/www.brak.de\/\">www.brak.de<\/a>) ist der vollst\u00e4ndige Wortlaut dieser Vorschriften einsehbar.<\/p>\n<p>Berufshaftpflichtversicherung:<\/p>\n<p>Rechtsanw\u00e4lte sind aufgrund der Bundesrechtsanwaltsordnung (BRAO) verpflichtet, eine Berufshaftpflichtversicherung mit einer Mindestversicherungssumme von EUR 250.000,00 zu unterhalten. Die Berufshaftpflichtversicherung besteht bei der R+V Allgemeine Versicherung AG, Raiffeisenplatz 1, 65189 Wiesbaden. Der r\u00e4umliche Geltungsbereich des Versicherungsschutzes umfasst T\u00e4tigkeiten in den Mitgliedsl\u00e4ndern der Europ\u00e4ischen Union und gen\u00fcgt so mindestens den Anforderungen des \u00a7 51 Bundesrechtsanwaltsordnung (BRAO).<\/p>\n<p>Haftungshinweise:<\/p>\n<p>Wir haben den Inhalt unserer Seiten nach bestem Wissen und Gewissen zusammengestellt. Eine Gew\u00e4hr f\u00fcr die Funktion, Aktualit\u00e4t, Richtigkeit, Vollst\u00e4ndigleit oder Qualit\u00e4t der Informationen unserer Internetseiten, der Link-Verweise und insbesondere der Informationen der verwiesenen (\u201everlinkten\u201c) Internetseiten der Drittanbieter (inklusive Rechtm\u00e4\u00dfigkeit des Inhalts) kann angesichts der Unentgeltlichkeit aber nicht \u00fcbernommen werden. Herr Rechtsanwalt Torsten Senn ist als Dienstanbieter nach \u00a7 7 Abs. 1 Telemediengesetz (TMG) f\u00fcr die eigenen Inhalte, die er zur Nutzung bereit h\u00e4lt, nach den allgemeinen Vorschriften verantwortlich. Die Haftung f\u00fcr Sch\u00e4den materieller oder ideeller Art, die durch die Nutzung der Inhalte verursacht werden, ist ausgeschlossen, sofern nicht Vorsatz oder grobe Fahrl\u00e4ssigkeit vorliegt.<\/p>\n<p>Hinweis auf EU-Streitschlichtung:<\/p>\n<p>Die Europ\u00e4ische Kommission stellt eine Plattform zur Online-Streitbeilegung (OS) bereit:<br \/>\n<a href=\"http:\/\/ec.europa.eu\/consumers\/odr\">http:\/\/ec.europa.eu\/consumers\/odr<\/a><\/p>\n<p>Wir sind nicht bereit und nicht verpflichtet an einem Streitbeilegungsverfahren vor einer Verbraucherschlichtungsstelle teilzunehmen.<\/p>\n<p>Konzeption, Enwicklung und Programmierung:<\/p>\n<p>Rechtsanwalt Torsten Senn<br \/>\nNeckarstr. 86<br \/>\n70190 Stuttgart<\/p>\n","protected":false},"excerpt":{"rendered":"<p>Impressum Verantwortlich f\u00fcr den Inhalt der Internetseite: (Pflichtangaben nach \u00a7 5 TMG und nach \u00a7 10 MDStV) Rechtsanwalt Torsten Senn Neckarstr. 86 70190 Stuttgart Telefon: + 49 (0) 162 \/ 7210928 Telefax: + 49 (0) 711 \/ 95338861 E-mail: mail@rechtsanwalt-senn.de Die zust\u00e4ndige Aufsichtsbeh\u00f6rde ist die Rechtsanwaltskammer Stuttgart, K\u00f6nigstr.\u00a014, 70173 Stuttgart.\u2026 <a class=\"continue-reading-link\" href=\"https:\/\/www.schaden-regeln.de\/?page_id=16\">Continue reading<\/a><\/p>\n","protected":false},"author":1,"featured_media":0,"parent":0,"menu_order":0,"comment_status":"closed","ping_status":"closed","template":"","meta":{"footnotes":""},"class_list":["post-16","page","type-page","status-publish","hentry"],"aioseo_notices":[],"_links":{"self":[{"href":"https:\/\/www.schaden-regeln.de\/index.php?rest_route=\/wp\/v2\/pages\/16","targetHints":{"allow":["GET"]}}],"collection":[{"href":"https:\/\/www.schaden-regeln.de\/index.php?rest_route=\/wp\/v2\/pages"}],"about":[{"href":"https:\/\/www.schaden-regeln.de\/index.php?rest_route=\/wp\/v2\/types\/page"}],"author":[{"embeddable":true,"href":"https:\/\/www.schaden-regeln.de\/index.php?rest_route=\/wp\/v2\/users\/1"}],"replies":[{"embeddable":true,"href":"https:\/\/www.schaden-regeln.de\/index.php?rest_route=%2Fwp%2Fv2%2Fcomments&post=16"}],"version-history":[{"count":7,"href":"https:\/\/www.schaden-regeln.de\/index.php?rest_route=\/wp\/v2\/pages\/16\/revisions"}],"predecessor-version":[{"id":175,"href":"https:\/\/www.schaden-regeln.de\/index.php?rest_route=\/wp\/v2\/pages\/16\/revisions\/175"}],"wp:attachment":[{"href":"https:\/\/www.schaden-regeln.de\/index.php?rest_route=%2Fwp%2Fv2%2Fmedia&parent=16"}],"curies":[{"name":"wp","href":"https:\/\/api.w.org\/{rel}","templated":true}]}}