{"id":5,"date":"2017-05-15T12:36:19","date_gmt":"2017-05-15T12:36:19","guid":{"rendered":"http:\/\/schaden-regeln.de\/?page_id=5"},"modified":"2022-03-18T09:41:44","modified_gmt":"2022-03-18T09:41:44","slug":"was-tun","status":"publish","type":"page","link":"https:\/\/www.schaden-regeln.de\/?page_id=5","title":{"rendered":"Warum sich ein Anwalt lohnt"},"content":{"rendered":"<h3><span style=\"color: #000000;\">Warum sich ein Anwalt lohnt<\/span><\/h3>\n<hr \/>\n<p>Nachdem sich der erste Schock \u00fcber den Unfall gelegt hat, fragt man sich h\u00e4ufig, wie es nun weitergeht und welche Schritte n\u00f6tig sind. In diesem Fall hilft Ihnen RECHTSANWALT TORSTEN SENN schnell und kompetent weiter.<\/p>\n<p><strong>Z\u00f6gern Sie nicht und setzen Sie sich umgehend nach einem Unfall mit mir in Verbindung!<\/strong><\/p>\n<hr \/>\n<p>Nat\u00fcrlich k\u00f6nnen Sie einen Verkehrsunfall auch selbst regeln. Naturgem\u00e4\u00df ist dies aber mit einem nicht unerheblichen Aufwand verbunden, da es gilt, viele verschiedene Beteiligte (z.B. Polizei, Fahrer, Halter, Abschleppunternehmen, Gutachter, Werkstatt, Versicherungen, \u00c4rzte, Arbeitgeber, etc.) zu koordinieren und hierbei den \u00dcberblick \u00fcber die eigenen Rechte und alle m\u00f6glichen Anspr\u00fcche zu behalten.<\/p>\n<p>Ich biete Ihnen daher eine <span style=\"color: #000000;\"><strong>UNFALLABWICKLUNG AUS EINER HAND!<\/strong><\/span><\/p>\n<p>Alle Dr\u00e4hte laufen bei mir zusammen. Sie haben den Vorteil, sich nicht direkt mit den Beteiligten auseinandersetzen zu m\u00fcssen, sondern haben immer nur einen Ansprechpartner, der alle Fragen f\u00fcr Sie kl\u00e4rt, als zentrale Anlaufstelle dient und die komplette Abwicklung der Reparatur sowie der Schmerzensgeld- und weiteren Schadenersatzanspr\u00fcche \u00fcbernimmt.<\/p>\n<hr \/>\n<p>H\u00e4ufig bieten auch die gegnerischen Versicherungen, die oft auch mit Werkst\u00e4tten zusammenarbeiten, eine &#8222;schnelle&#8220; und &#8222;einfache&#8220; Hilfe bei der Regulierung an. Hier sollten Gesch\u00e4digte jedoch vorsichtig sein, da es klar sein d\u00fcrfte, wessen Interessen hier haupts\u00e4chlich Beachtung finden.<\/p>\n<p>Eine eingehende und kompetente rechtliche Beratung ist daher unerl\u00e4sslich , um alle Rechte und alle m\u00f6glichen Sch\u00e4den gegen\u00fcber dem Unfallgegner und dessen Versicherung geltend zu machen. Nur ein Rechtsanwalt hat die hierf\u00fcr notwendige rechtliche Kenntnis, um der Versicherung angemessen und &#8222;auf Augenh\u00f6he&#8220; gegen\u00fcber zu treten.<\/p>\n<hr \/>\n<p>Erfahrungsgem\u00e4\u00df versuchen Versicherungen h\u00e4ufig den Gesch\u00e4digten davon abzuhalten, anwaltliche Hilfe in Anspruch zu nehmen, da diese den zu ersetzenden Schaden nat\u00fcrlich m\u00f6glichst gering halten wollen. Zum Einen haben sie hierbei m\u00f6gliche Schadenspositionen im Blick, an die der Gesch\u00e4digte gar nicht denkt, zum Anderen sind nat\u00fcrlich auch die Anwaltskosten eine Schadensposition, die aus der Sicht der Versicherungen vermeidbar sind.<\/p>\n<p><span style=\"color: #000000;\">Lassen Sie sich aber nicht davon abbringen, Ihre Anspr\u00fcche durchzusetzen!<\/span><\/p>\n<p><span style=\"color: #000000;\"> Sie m\u00fcssen nicht zugunsten der Versicherung auf die Geltendmachung Ihrer Rechte verzichten!<\/span><\/p>\n<hr \/>\n<p>Es ist wichtig, dass man den Versicherungen auf Augenh\u00f6he begegnet, daher sind Partnerschaften unerl\u00e4sslich, um den Argumenten mit Kompetenz zu begegnen. Ich bedanke mich bei folgenden Partnern:<\/p>\n<p><a href=\"http:\/\/www.kfz-sofort-gutachten.de\" target=\"_blank\" rel=\"noopener\">KFZ-Sofort-Gutachten Ries in Esslingen<\/a><\/p>\n<p><a href=\"https:\/\/www.kfz-sachverstaendiger-rutesheim.de\/\" target=\"_blank\" rel=\"noopener\">Sachverst\u00e4ndigenb\u00fcro Kavrik in Rutesheim<\/a><\/p>\n<hr \/>\n<p style=\"text-align: center;\"><span style=\"color: #766f2d;\"><span style=\"color: #000000;\">Telefon: 0162 \/ 7210928<\/span><br \/>\n<a href=\"mailto:mail@rechtsanwalt-senn.de\">mail@rechtsanwalt-senn.de<\/a><\/span><\/p>\n<hr \/>\n","protected":false},"excerpt":{"rendered":"<p>Warum sich ein Anwalt lohnt Nachdem sich der erste Schock \u00fcber den Unfall gelegt hat, fragt man sich h\u00e4ufig, wie es nun weitergeht und welche Schritte n\u00f6tig sind. In diesem Fall hilft Ihnen RECHTSANWALT TORSTEN SENN schnell und kompetent weiter. Z\u00f6gern Sie nicht und setzen Sie sich umgehend nach einem\u2026 <a class=\"continue-reading-link\" href=\"https:\/\/www.schaden-regeln.de\/?page_id=5\">Continue reading<\/a><\/p>\n","protected":false},"author":1,"featured_media":0,"parent":0,"menu_order":0,"comment_status":"closed","ping_status":"closed","template":"","meta":{"footnotes":""},"class_list":["post-5","page","type-page","status-publish","hentry"],"aioseo_notices":[],"_links":{"self":[{"href":"https:\/\/www.schaden-regeln.de\/index.php?rest_route=\/wp\/v2\/pages\/5","targetHints":{"allow":["GET"]}}],"collection":[{"href":"https:\/\/www.schaden-regeln.de\/index.php?rest_route=\/wp\/v2\/pages"}],"about":[{"href":"https:\/\/www.schaden-regeln.de\/index.php?rest_route=\/wp\/v2\/types\/page"}],"author":[{"embeddable":true,"href":"https:\/\/www.schaden-regeln.de\/index.php?rest_route=\/wp\/v2\/users\/1"}],"replies":[{"embeddable":true,"href":"https:\/\/www.schaden-regeln.de\/index.php?rest_route=%2Fwp%2Fv2%2Fcomments&post=5"}],"version-history":[{"count":17,"href":"https:\/\/www.schaden-regeln.de\/index.php?rest_route=\/wp\/v2\/pages\/5\/revisions"}],"predecessor-version":[{"id":162,"href":"https:\/\/www.schaden-regeln.de\/index.php?rest_route=\/wp\/v2\/pages\/5\/revisions\/162"}],"wp:attachment":[{"href":"https:\/\/www.schaden-regeln.de\/index.php?rest_route=%2Fwp%2Fv2%2Fmedia&parent=5"}],"curies":[{"name":"wp","href":"https:\/\/api.w.org\/{rel}","templated":true}]}}